{"id":643,"date":"2016-05-20T13:48:42","date_gmt":"2016-05-20T13:48:42","guid":{"rendered":"http:\/\/www.rssg.at\/?page_id=643"},"modified":"2026-03-04T13:23:11","modified_gmt":"2026-03-04T13:23:11","slug":"einfuehrung-in-die-waldorfpaedagogik-und-anthroposophie","status":"publish","type":"page","link":"https:\/\/www.rssg.at\/?page_id=643","title":{"rendered":"Waldorfp\u00e4dagogik"},"content":{"rendered":"\n<div class=\"wp-block-file\"><a href=\"https:\/\/www.rssg.at\/wp-content\/uploads\/2025\/04\/Waldorfpaedagogik-Folder-mit-Fremdspr..pdf\">Infofolder Waldorfp\u00e4dagogik<\/a><a href=\"https:\/\/www.rssg.at\/wp-content\/uploads\/2025\/04\/Waldorfpaedagogik-Folder-mit-Fremdspr..pdf\" class=\"wp-block-file__button\" download>Herunterladen<\/a><\/div>\n\n\n<p>Anmeldung und allgemeine Information<\/p>\n<h2>Anmeldung und allgemeine Information<\/h2>\n<p>J\u00fcrgen Aurin<br \/>Tel:\u00a0+43 664\/73630020<br \/>Email: &#x6d;a&#x69;&#108;&#x40;&#114;s&#x73;&#103;&#x2e;&#97;t<\/p>\n<p><strong>ORIENTIERUNG<\/strong><\/p>\n<p>Die Anthroposophie Rudolf Steiners bildet die ideelle Grundlage dieser Ausbildung. Diese anerkennt im Menschen und in der Welt ein geistiges Prinzip, welches nicht das Denken an sich meint, sondern im Denken erfahrbar, im F\u00fchlen erlebbar und im Wollen zur Tat werden kann.<\/p>\n<p>Somit lernt man eine zeitgem\u00e4\u00dfe M\u00f6glichkeit des ganzheitlichen Menschen und Welterlebens kennen.<br \/>Ziel dieser Trialen Methodik ist es, den Studierenden einen Weg zu einem freien geistm\u00e4\u00dfigen Handeln zu bahnen. Aus diesem Grund ist die Pers\u00f6nlichkeitsbildung sowie die Schulung der Sozialkompetenz ein integraler Bestandteil des Ausbildungskonzeptes. Durch das k\u00fcnstlerisch-praktische \u00dcben ergibt sich eine besondere Form der Selbsterfahrung und Selbsterkenntnis.<\/p>\n<div class=\"page\" title=\"Page 1\">\n<div class=\"section\">\n<div class=\"layoutArea\">\n<div class=\"column\">\n<p><strong>WALDORFPA\u0308DAGOGIK<\/strong><\/p>\n<p>Die zweija\u0308hrige Ausbildung\u00a0 Waldorfpa\u0308dagogik gliedert sich nach der Trialen Methode in:<\/p>\n<p>-Praktische p\u00e4dagogische Ta\u0308tigkeit im Berufsfeld <br \/>-Ku\u0308nstlerisches Erlernen differenzierter Fa\u0308higkeiten durch die musikalisch-, sprachlich bewegungsma\u0308\u00dfigen Ku\u0308nste sowie der plastisch- bildnerischen Ku\u0308nste<\/p>\n<p>-Erkenntnisarbeit durch das Studium der menschenkundlich-p\u00e4dagogischen Grundlagen<\/p>\n<\/div>\n<\/div>\n<\/div>\n<\/div>\n<p><strong>UNTERRICHTSF\u00c4CHER<\/strong><\/p>\n<div class=\"page\" title=\"Page 1\">\n<div class=\"section\">\n<div class=\"layoutArea\">\n<div class=\"column\">\n<ul>\n<li><strong>Perso\u0308nlichkeitsbildung<\/strong><br \/>Outdoorseminar (Elemente und Erlebnisp\u00e4dagogik)<br \/>Sprachgestaltung<br \/>Hygienische Eurythmie<br \/>Musik<br \/>Malen<br \/>Kommunikation<br \/>Eurythmie und Instrumentaleurythmie<br \/>Wahrnehmungsschulung<\/li>\n<li><strong>Humanwissenschaftliche Grundlagen<\/strong><br \/>Ethik und Anthroposophie<br \/>P\u00e4dagogik<br \/>Allgemeine Menschenkunde<br \/>Entwicklung des Menschen<br \/>Soziologie, Soziale Dreigliederung<br \/>Himmelskunde<br \/>Pflanzenkunde<\/li>\n<li><strong>Menschenkundliche und philosophische Grundlagen<\/strong><br \/>Temperamentenlehre<br \/>Biografiearbeit<br \/>Kinder\/Klientenbesprechung<br \/>Erkenntnistheorie<br \/>Jahresfeste<br \/>Sinneslehre<br \/>Lebensprozesse<\/li>\n<li><strong>Medizin und Ern\u00e4hrung<br \/><\/strong>Ern\u00e4hrungslehre<br \/>Medizinische Menschenkunde<\/li>\n<\/ul>\n<p><strong>Das Gesamtangebot umfasst ca. 550 Unterrichtseinheiten<\/strong><\/p>\n<p><strong>Abschlu\u00df ist vom Waldorfbund \u00d6sterreich anerkannt.<\/strong><\/p>\n<\/div>\n<\/div>\n<\/div>\n<\/div>\n<p><strong>ZUGANGSVORAUSSETZUNGEN\u00a0<\/strong><br \/>Vollendung des 18. Lebensjahres<br \/>Schriftliche Bewerbung mit Lebenslauf<br \/>Aufnahmegespr\u00e4ch<\/p>\n<p>Ausbildungskosten: 2300\u20ac pro Jahr<\/p>\n\n\n<p><\/p>\n","protected":false},"excerpt":{"rendered":"<p>Anmeldung und allgemeine Information Anmeldung und allgemeine Information J\u00fcrgen AurinTel:\u00a0+43 664\/73630020Email: &#109;&#x61;i&#108;&#x40;r&#115;&#x73;g&#x2e;&#x61;&#116; ORIENTIERUNG Die Anthroposophie Rudolf Steiners bildet die ideelle Grundlage dieser Ausbildung. Diese anerkennt im Menschen und in der Welt ein geistiges Prinzip, welches nicht das Denken an sich &hellip; <a href=\"https:\/\/www.rssg.at\/?page_id=643\">Weiterlesen <span class=\"meta-nav\">&rarr;<\/span><\/a><\/p>\n","protected":false},"author":1,"featured_media":0,"parent":139,"menu_order":0,"comment_status":"closed","ping_status":"closed","template":"","meta":[],"_links":{"self":[{"href":"https:\/\/www.rssg.at\/index.php?rest_route=\/wp\/v2\/pages\/643"}],"collection":[{"href":"https:\/\/www.rssg.at\/index.php?rest_route=\/wp\/v2\/pages"}],"about":[{"href":"https:\/\/www.rssg.at\/index.php?rest_route=\/wp\/v2\/types\/page"}],"author":[{"embeddable":true,"href":"https:\/\/www.rssg.at\/index.php?rest_route=\/wp\/v2\/users\/1"}],"replies":[{"embeddable":true,"href":"https:\/\/www.rssg.at\/index.php?rest_route=%2Fwp%2Fv2%2Fcomments&post=643"}],"version-history":[{"count":39,"href":"https:\/\/www.rssg.at\/index.php?rest_route=\/wp\/v2\/pages\/643\/revisions"}],"predecessor-version":[{"id":1122,"href":"https:\/\/www.rssg.at\/index.php?rest_route=\/wp\/v2\/pages\/643\/revisions\/1122"}],"up":[{"embeddable":true,"href":"https:\/\/www.rssg.at\/index.php?rest_route=\/wp\/v2\/pages\/139"}],"wp:attachment":[{"href":"https:\/\/www.rssg.at\/index.php?rest_route=%2Fwp%2Fv2%2Fmedia&parent=643"}],"curies":[{"name":"wp","href":"https:\/\/api.w.org\/{rel}","templated":true}]}}