{"id":5,"date":"2012-05-10T21:43:19","date_gmt":"2012-05-10T21:43:19","guid":{"rendered":"http:\/\/www.rssg.at\/?page_id=5"},"modified":"2021-01-10T14:39:39","modified_gmt":"2021-01-10T14:39:39","slug":"impressum","status":"publish","type":"page","link":"https:\/\/www.rssg.at\/?page_id=5","title":{"rendered":"Kontakt"},"content":{"rendered":"<h1>Rudolf Steiner Seminar<br \/>\nf\u00fcr Heilp\u00e4dagogik und Sozialtherapie<\/h1>\n<p>Riesstra\u00dfe 351<br \/>\n8010 Graz<br \/>\nTel:\u00a0+43 664\/73630020<\/p>\n<h2>Anmeldung und allgemeine Information<\/h2>\n<p>J\u00fcrgen Aurin<br \/>\nTel:\u00a0+43 664\/73630020<br \/>\nEmail: &#109;&#x61;&#x69;l&#64;&#x72;s&#115;&#x67;&#46;&#97;&#x74;<\/p>\n<h2><\/h2>\n<p>&nbsp;<\/p>\n","protected":false},"excerpt":{"rendered":"<p>Rudolf Steiner Seminar f\u00fcr Heilp\u00e4dagogik und Sozialtherapie Riesstra\u00dfe 351 8010 Graz Tel:\u00a0+43 664\/73630020 Anmeldung und allgemeine Information J\u00fcrgen Aurin Tel:\u00a0+43 664\/73630020 Email: &#x6d;a&#x69;&#108;&#64;&#x72;&#115;&#x73;&#x67;&#46;&#x61;&#116; &nbsp;<\/p>\n","protected":false},"author":1,"featured_media":0,"parent":0,"menu_order":0,"comment_status":"closed","ping_status":"closed","template":"","meta":[],"_links":{"self":[{"href":"https:\/\/www.rssg.at\/index.php?rest_route=\/wp\/v2\/pages\/5"}],"collection":[{"href":"https:\/\/www.rssg.at\/index.php?rest_route=\/wp\/v2\/pages"}],"about":[{"href":"https:\/\/www.rssg.at\/index.php?rest_route=\/wp\/v2\/types\/page"}],"author":[{"embeddable":true,"href":"https:\/\/www.rssg.at\/index.php?rest_route=\/wp\/v2\/users\/1"}],"replies":[{"embeddable":true,"href":"https:\/\/www.rssg.at\/index.php?rest_route=%2Fwp%2Fv2%2Fcomments&post=5"}],"version-history":[{"count":17,"href":"https:\/\/www.rssg.at\/index.php?rest_route=\/wp\/v2\/pages\/5\/revisions"}],"predecessor-version":[{"id":949,"href":"https:\/\/www.rssg.at\/index.php?rest_route=\/wp\/v2\/pages\/5\/revisions\/949"}],"wp:attachment":[{"href":"https:\/\/www.rssg.at\/index.php?rest_route=%2Fwp%2Fv2%2Fmedia&parent=5"}],"curies":[{"name":"wp","href":"https:\/\/api.w.org\/{rel}","templated":true}]}}