{"id":20,"date":"2012-05-10T22:02:58","date_gmt":"2012-05-10T22:02:58","guid":{"rendered":"http:\/\/www.rssg.at\/?page_id=20"},"modified":"2026-03-04T13:21:55","modified_gmt":"2026-03-04T13:21:55","slug":"home","status":"publish","type":"page","link":"https:\/\/www.rssg.at\/","title":{"rendered":"\u00dcber uns"},"content":{"rendered":"<div style=\"border: 1px solid; padding: 1em; margin-bottom: 1em;\">\n<p>\u00a0Lehrgang <strong>Waldorfp\u00e4dagogik<\/strong> sowie der Lehrgang<strong>\u00a0Anthroposophische Heilp\u00e4dagogik<\/strong>\u00a0<\/p>\n<p>Bitte Informationen erfragen unter <a href=\"&#109;&#x61;i&#108;&#x74;o&#58;&#x6d;a&#105;&#x6c;&#64;&#114;&#x73;&#115;&#x67;&#x2e;&#97;&#x74;\">&#109;&#x61;i&#108;&#x40;r&#115;&#x73;g&#46;&#x61;t<\/a> oder\u00a0<a href=\"tel:+4366473630020\">+43 664\/73630020<\/a><\/p>\n<\/div>\n<p>Das Rudolf Steiner Seminar bietet eine Ausbildung zum Waldorflehrer bzw. Waldorflehrerin an und eine Aufschulung in anthroposophischer Heilp\u00e4dagogik. Weiterhin werden Fortbildungsseminare f\u00fcr Fachkr\u00e4fte angeboten. Die Anthroposophie Rudolf Steiners bildet die ideelle Grundlage dieser Ausbildung. Aufbauend auf einem wertsch\u00e4tzenden, ganzheitlichen Menschenbild werden die notwendigen Kompetenzen f\u00fcr die t\u00e4gliche Arbeit vermittelt. Dabei wird der Mensch als ein Wesen mit k\u00f6rperlichen, seelischen und geistigen Bed\u00fcrfnissen anerkannt. Aus diesem Grund ist die Pers\u00f6nlichkeitsbildung sowie die Schulung der Sozialkompetenz ein integraler Bestandteil des Ausbildungskonzepts. Durch das k\u00fcnstlerisch-praktische \u00dcben ergibt sich eine besondere Form der Selbsterfahrung und Selbsterkenntnis.<\/p>\n\n\n<p><\/p>\n","protected":false},"excerpt":{"rendered":"<p>\u00a0Lehrgang Waldorfp\u00e4dagogik sowie der Lehrgang\u00a0Anthroposophische Heilp\u00e4dagogik\u00a0 Bitte Informationen erfragen unter &#x6d;&#97;i&#x6c;&#64;r&#x73;&#115;g&#x2e;&#97;t oder\u00a0+43 664\/73630020 Das Rudolf Steiner Seminar bietet eine Ausbildung zum Waldorflehrer bzw. Waldorflehrerin an und eine Aufschulung in anthroposophischer Heilp\u00e4dagogik. Weiterhin werden Fortbildungsseminare f\u00fcr Fachkr\u00e4fte angeboten. Die Anthroposophie Rudolf &hellip; <a href=\"https:\/\/www.rssg.at\/\">Weiterlesen <span class=\"meta-nav\">&rarr;<\/span><\/a><\/p>\n","protected":false},"author":1,"featured_media":0,"parent":0,"menu_order":0,"comment_status":"closed","ping_status":"closed","template":"","meta":[],"_links":{"self":[{"href":"https:\/\/www.rssg.at\/index.php?rest_route=\/wp\/v2\/pages\/20"}],"collection":[{"href":"https:\/\/www.rssg.at\/index.php?rest_route=\/wp\/v2\/pages"}],"about":[{"href":"https:\/\/www.rssg.at\/index.php?rest_route=\/wp\/v2\/types\/page"}],"author":[{"embeddable":true,"href":"https:\/\/www.rssg.at\/index.php?rest_route=\/wp\/v2\/users\/1"}],"replies":[{"embeddable":true,"href":"https:\/\/www.rssg.at\/index.php?rest_route=%2Fwp%2Fv2%2Fcomments&post=20"}],"version-history":[{"count":24,"href":"https:\/\/www.rssg.at\/index.php?rest_route=\/wp\/v2\/pages\/20\/revisions"}],"predecessor-version":[{"id":1121,"href":"https:\/\/www.rssg.at\/index.php?rest_route=\/wp\/v2\/pages\/20\/revisions\/1121"}],"wp:attachment":[{"href":"https:\/\/www.rssg.at\/index.php?rest_route=%2Fwp%2Fv2%2Fmedia&parent=20"}],"curies":[{"name":"wp","href":"https:\/\/api.w.org\/{rel}","templated":true}]}}